{"id":177,"date":"2023-06-14T09:09:52","date_gmt":"2023-06-14T12:09:52","guid":{"rendered":"https:\/\/institutoluzdemaria.org.br\/?page_id=177"},"modified":"2026-02-26T18:13:38","modified_gmt":"2026-02-26T21:13:38","slug":"nossos-projetos-2","status":"publish","type":"page","link":"https:\/\/institutoluzdemaria.org.br\/?page_id=177","title":{"rendered":"Nossos Projetos"},"content":{"rendered":"\n<p>1 <em><u><strong>PROJETO: CONSTRU\u00c7\u00c3O DA SEDE EM CAMPO MAGRO<\/strong><\/u><\/em><\/p>\n\n\n\n<figure class=\"wp-block-video\"><video controls src=\"http:\/\/institutoluzdemaria.org.br\/wp-content\/uploads\/2026\/02\/WhatsApp-Video-2026-02-03-at-06.54.23.mp4\"><\/video><\/figure>\n\n\n\n<p><strong>FASE 1<\/strong> &#8211; <strong>AQUISI\u00c7\u00c3O TERRENO E REGULARIZA\u00c7\u00c3O DOCUMENTA\u00c7\u00c3O PARA CONSTRU\u00c7\u00c3O<\/strong><\/p>\n\n\n\n<p>Prazo estimado:&nbsp; junho\/2021 a junho\/2023<\/p>\n\n\n\n<p>1\u00aa Etapa: ata de constitui\u00e7\u00e3o, estatuto e CNPJ <strong>(conclu\u00edda)<\/strong><br>2\u00aa Etapa:<strong> <\/strong>aquisi\u00e7\u00e3o terreno por doa\u00e7\u00e3o <strong>(fase final)<\/strong><br>3\u00aa Etapa: projeto arquitet\u00f4nico <strong>(conclu\u00edda)<\/strong><br>4\u00aa Etapa: aprova\u00e7\u00e3o prefeitura projeto arquitet\u00f4nico <strong>(conclu\u00edda)<\/strong><br>5\u00aa Etapa: Licenciamento IAT para terraplanagem<strong> (conclu\u00edda)<\/strong><\/p>\n\n\n\n<p><strong>FASE 2 &#8211; CONSTRU\u00c7\u00c3O E IMPLANTA\u00c7\u00c3O DO AUDIT\u00d3RIO JOSEPH OBI E ANEXOS E DA CL\u00cdNICA DE SA\u00daDE E BEM-ESTAR DR. VINCENT GUTTEMBERG<\/strong><\/p>\n\n\n\n<p><em>Prazo estimado: outubro\/2022 a dezembro\/202<\/em>6<\/p>\n\n\n\n<p>Nestes espa\u00e7os ser\u00e3o oferecidos tratamentos e outras atividades \u00e0 popula\u00e7\u00e3o com o objetivo de colaborar com o bem-estar e sa\u00fade. Consideramos o conceito de sa\u00fade integral da OMS, portanto, com um olhar para o ser humano em sua integralidade, considerando os aspectos f\u00edsico, mental e espiritual. Terapeutas integrativos, m\u00e9dicos, dentistas, psic\u00f3logos, entre outros especialistas levar\u00e3o para a comunidade esclarecimento e tratamentos , preventivos e alternativos para que se alcance melhor qualidade de vida e, consequentemente, mais felicidade.<\/p>\n\n\n\n<p><strong>FASE 3 \u2013 CONSTRU\u00c7\u00c3O E IMPLANTA\u00c7\u00c3O DO CENTRO EDUCACIONAL&nbsp;<\/strong><\/p>\n\n\n\n<p><em>Prazo estimado: janeiro\/2028 a junho\/202<\/em>9<\/p>\n\n\n\n<p>Com base em levantamento das necessidades da regi\u00e3o de Campo Magro, o Centro Educacional ir\u00e1 atender a crian\u00e7as em estado de vulnerabilidade social na faixa et\u00e1ria ainda a ser definida. Ser\u00e1 um espa\u00e7o de acolhimento e conviv\u00eancia pautado nas melhores e mais modernas pr\u00e1ticas pedag\u00f3gicas.<\/p>\n\n\n\n<p><\/p>\n\n\n\n<p>**************************************************************************************************<\/p>\n\n\n\n<p>2 <em><u><strong>PROJETOS SOCIAIS<\/strong><\/u><\/em><\/p>\n\n\n\n<p>O Instituto Luz de Maria apoia projetos sociais j\u00e1 consolidados, atuando por meio de parcerias e tamb\u00e9m por a\u00e7\u00f5es pr\u00f3prias. <\/p>\n\n\n\n<p>Com a constru\u00e7\u00e3o de sua sede, ser\u00e1 constru\u00eddo um programa espec\u00edfico para atua\u00e7\u00e3o em Campo Magro, Curitiba e outras cidades a Regi\u00e3o Metropolitana. Este programa estar\u00e1 pautado em sua miss\u00e3o, vis\u00e3o e valores.<\/p>\n\n\n\n<p>*************************************************************************************************<\/p>\n\n\n\n<p>3 <strong><u>PROJETO DE SA\u00daDE E BEM-ESTAR \u2013 ATENDIMENTO IMPOSI\u00c7\u00c3O DE M\u00c3OS, ALINHAMENTO BIOENERG\u00c9TICO E OUTRAS PR\u00c1TICAS INTEGRATIVAS<\/u><\/strong><\/p>\n\n\n\n<p>Atualmente, o Instituto Luz de Maria faz atendimentos semanais, presenciais e a dist\u00e2ncia. Sua equipe de trabalhadores no plano f\u00edsico e espiritual atendem pessoas com problemas de sa\u00fade f\u00edsica, emocional e espiritual. <\/p>\n\n\n\n<p>**************************************************************************************************<\/p>\n","protected":false},"excerpt":{"rendered":"<p>1 PROJETO: CONSTRU\u00c7\u00c3O DA SEDE EM CAMPO MAGRO FASE 1 &#8211; AQUISI\u00c7\u00c3O TERRENO E REGULARIZA\u00c7\u00c3O DOCUMENTA\u00c7\u00c3O PARA CONSTRU\u00c7\u00c3O Prazo estimado:&nbsp; junho\/2021 a junho\/2023 1\u00aa Etapa: ata de constitui\u00e7\u00e3o, estatuto e CNPJ (conclu\u00edda)2\u00aa Etapa: aquisi\u00e7\u00e3o terreno por doa\u00e7\u00e3o (fase final)3\u00aa Etapa: projeto arquitet\u00f4nico (conclu\u00edda)4\u00aa Etapa: aprova\u00e7\u00e3o prefeitura projeto arquitet\u00f4nico (conclu\u00edda)5\u00aa Etapa: [&hellip;]<\/p>\n","protected":false},"author":1,"featured_media":120,"parent":0,"menu_order":0,"comment_status":"closed","ping_status":"closed","template":"","meta":[],"_links":{"self":[{"href":"https:\/\/institutoluzdemaria.org.br\/index.php?rest_route=\/wp\/v2\/pages\/177"}],"collection":[{"href":"https:\/\/institutoluzdemaria.org.br\/index.php?rest_route=\/wp\/v2\/pages"}],"about":[{"href":"https:\/\/institutoluzdemaria.org.br\/index.php?rest_route=\/wp\/v2\/types\/page"}],"author":[{"embeddable":true,"href":"https:\/\/institutoluzdemaria.org.br\/index.php?rest_route=\/wp\/v2\/users\/1"}],"replies":[{"embeddable":true,"href":"https:\/\/institutoluzdemaria.org.br\/index.php?rest_route=%2Fwp%2Fv2%2Fcomments&post=177"}],"version-history":[{"count":25,"href":"https:\/\/institutoluzdemaria.org.br\/index.php?rest_route=\/wp\/v2\/pages\/177\/revisions"}],"predecessor-version":[{"id":1705,"href":"https:\/\/institutoluzdemaria.org.br\/index.php?rest_route=\/wp\/v2\/pages\/177\/revisions\/1705"}],"wp:featuredmedia":[{"embeddable":true,"href":"https:\/\/institutoluzdemaria.org.br\/index.php?rest_route=\/wp\/v2\/media\/120"}],"wp:attachment":[{"href":"https:\/\/institutoluzdemaria.org.br\/index.php?rest_route=%2Fwp%2Fv2%2Fmedia&parent=177"}],"curies":[{"name":"wp","href":"https:\/\/api.w.org\/{rel}","templated":true}]}}