{"id":196,"date":"2023-06-14T09:29:44","date_gmt":"2023-06-14T12:29:44","guid":{"rendered":"https:\/\/institutoluzdemaria.org.br\/?page_id=196"},"modified":"2025-03-06T07:31:32","modified_gmt":"2025-03-06T10:31:32","slug":"apoie-nossa-causa","status":"publish","type":"page","link":"https:\/\/institutoluzdemaria.org.br\/?page_id=196","title":{"rendered":"Apoie nossa causa"},"content":{"rendered":"\n<p><\/p>\n\n\n\n<h2 class=\"wp-block-heading\">Quero doar<\/h2>\n\n\n\n<p><strong>Banco Sicredi (748)<\/strong><\/p>\n\n\n\n<p>Instituto Espiritualista Luz de Maria<\/p>\n\n\n\n<p>Ag\u00eancia: 0730<\/p>\n\n\n\n<p>Conta: 64095-1<br><\/p>\n\n\n\n<p><strong>Chave Pix<\/strong><br>CNPJ 45.734.333\/0001-82<\/p>\n\n\n\n<p><strong>Escaneie o QR Code abaixo<\/strong><\/p>\n\n\n\n<figure class=\"wp-block-image size-full is-resized\"><img decoding=\"async\" loading=\"lazy\" src=\"http:\/\/institutoluzdemaria.org.br\/wp-content\/uploads\/2023\/07\/Imagem-do-WhatsApp-de-2023-07-17-as-10.50.57-2.jpg\" alt=\"\" class=\"wp-image-355\" width=\"336\" height=\"233\" srcset=\"https:\/\/institutoluzdemaria.org.br\/wp-content\/uploads\/2023\/07\/Imagem-do-WhatsApp-de-2023-07-17-as-10.50.57-2.jpg 797w, https:\/\/institutoluzdemaria.org.br\/wp-content\/uploads\/2023\/07\/Imagem-do-WhatsApp-de-2023-07-17-as-10.50.57-2-300x208.jpg 300w, https:\/\/institutoluzdemaria.org.br\/wp-content\/uploads\/2023\/07\/Imagem-do-WhatsApp-de-2023-07-17-as-10.50.57-2-768x532.jpg 768w\" sizes=\"(max-width: 336px) 100vw, 336px\" \/><\/figure>\n\n\n\n<p><\/p>\n\n\n\n<h2 class=\"wp-block-heading\">Quero ser volunt\u00e1rio<\/h2>\n\n\n\n<p>Escreva para n\u00f3s em <a href=\"https:\/\/institutoluzdemaria.org.br\/?page_id=15\" data-type=\"page\" data-id=\"15\"><strong>FALE CONOSCO<\/strong><\/a>, deixando uma breve descri\u00e7\u00e3o quanto \u00e0 forma como voc\u00ea quer ser um volunt\u00e1rio.<\/p>\n\n\n\n<p><\/p>\n\n\n\n<h2 class=\"wp-block-heading\">Quero ser parceiro<\/h2>\n\n\n\n<p>Patrocinando financeiramente ou por meio de parcerias estrat\u00e9gicas, voc\u00ea nos ajudar\u00e1 a levar mais sa\u00fade, bem-estar e felicidade \u00e0s pessoas em estado de vulnerabilidade social, econ\u00f4mica e\/ou emocional.<\/p>\n\n\n\n<p>Escreva para n\u00f3s em <a href=\"https:\/\/institutoluzdemaria.org.br\/?page_id=15\" data-type=\"page\" data-id=\"15\"><strong>FALE CONOSCO<\/strong><\/a>, deixando uma breve descri\u00e7\u00e3o quanto \u00e0 forma como voc\u00ea quer ser nosso parceiro.<\/p>\n\n\n\n<div style=\"height:100px\" aria-hidden=\"true\" class=\"wp-block-spacer\"><\/div>\n","protected":false},"excerpt":{"rendered":"<p>Quero doar Banco Sicredi (748) Instituto Espiritualista Luz de Maria Ag\u00eancia: 0730 Conta: 64095-1 Chave PixCNPJ 45.734.333\/0001-82 Escaneie o QR Code abaixo Quero ser volunt\u00e1rio Escreva para n\u00f3s em FALE CONOSCO, deixando uma breve descri\u00e7\u00e3o quanto \u00e0 forma como voc\u00ea quer ser um volunt\u00e1rio. Quero ser parceiro Patrocinando financeiramente ou [&hellip;]<\/p>\n","protected":false},"author":1,"featured_media":167,"parent":0,"menu_order":0,"comment_status":"closed","ping_status":"closed","template":"","meta":[],"_links":{"self":[{"href":"https:\/\/institutoluzdemaria.org.br\/index.php?rest_route=\/wp\/v2\/pages\/196"}],"collection":[{"href":"https:\/\/institutoluzdemaria.org.br\/index.php?rest_route=\/wp\/v2\/pages"}],"about":[{"href":"https:\/\/institutoluzdemaria.org.br\/index.php?rest_route=\/wp\/v2\/types\/page"}],"author":[{"embeddable":true,"href":"https:\/\/institutoluzdemaria.org.br\/index.php?rest_route=\/wp\/v2\/users\/1"}],"replies":[{"embeddable":true,"href":"https:\/\/institutoluzdemaria.org.br\/index.php?rest_route=%2Fwp%2Fv2%2Fcomments&post=196"}],"version-history":[{"count":11,"href":"https:\/\/institutoluzdemaria.org.br\/index.php?rest_route=\/wp\/v2\/pages\/196\/revisions"}],"predecessor-version":[{"id":1230,"href":"https:\/\/institutoluzdemaria.org.br\/index.php?rest_route=\/wp\/v2\/pages\/196\/revisions\/1230"}],"wp:featuredmedia":[{"embeddable":true,"href":"https:\/\/institutoluzdemaria.org.br\/index.php?rest_route=\/wp\/v2\/media\/167"}],"wp:attachment":[{"href":"https:\/\/institutoluzdemaria.org.br\/index.php?rest_route=%2Fwp%2Fv2%2Fmedia&parent=196"}],"curies":[{"name":"wp","href":"https:\/\/api.w.org\/{rel}","templated":true}]}}