{"id":56,"date":"2023-06-04T22:13:43","date_gmt":"2023-06-05T01:13:43","guid":{"rendered":"https:\/\/institutoluzdemaria.org.br\/?page_id=56"},"modified":"2024-10-07T09:58:37","modified_gmt":"2024-10-07T12:58:37","slug":"transparencia","status":"publish","type":"page","link":"https:\/\/institutoluzdemaria.org.br\/?page_id=56","title":{"rendered":"Transpar\u00eancia"},"content":{"rendered":"\n<p><strong>Estatuto Social <\/strong><br>Estatuto<\/p>\n\n\n\n<p><strong>Relat\u00f3rios Andamento das Obras<\/strong><br>Relat\u00f3rio 2024<\/p>\n\n\n\n<p><strong>Relat\u00f3rios Campanhas<\/strong><br>Relat\u00f3rio 2024<\/p>\n\n\n\n<p><strong>Demonstra\u00e7\u00f5es cont\u00e1beis<\/strong><br>Relat\u00f3rio 2024<\/p>\n\n\n\n<p><strong>Certificados<\/strong><br><br><br><br><br><\/p>\n","protected":false},"excerpt":{"rendered":"<p>Estatuto Social Estatuto Relat\u00f3rios Andamento das ObrasRelat\u00f3rio 2024 Relat\u00f3rios CampanhasRelat\u00f3rio 2024 Demonstra\u00e7\u00f5es cont\u00e1beisRelat\u00f3rio 2024 Certificados<\/p>\n","protected":false},"author":1,"featured_media":74,"parent":0,"menu_order":0,"comment_status":"closed","ping_status":"closed","template":"","meta":[],"_links":{"self":[{"href":"https:\/\/institutoluzdemaria.org.br\/index.php?rest_route=\/wp\/v2\/pages\/56"}],"collection":[{"href":"https:\/\/institutoluzdemaria.org.br\/index.php?rest_route=\/wp\/v2\/pages"}],"about":[{"href":"https:\/\/institutoluzdemaria.org.br\/index.php?rest_route=\/wp\/v2\/types\/page"}],"author":[{"embeddable":true,"href":"https:\/\/institutoluzdemaria.org.br\/index.php?rest_route=\/wp\/v2\/users\/1"}],"replies":[{"embeddable":true,"href":"https:\/\/institutoluzdemaria.org.br\/index.php?rest_route=%2Fwp%2Fv2%2Fcomments&post=56"}],"version-history":[{"count":9,"href":"https:\/\/institutoluzdemaria.org.br\/index.php?rest_route=\/wp\/v2\/pages\/56\/revisions"}],"predecessor-version":[{"id":1706,"href":"https:\/\/institutoluzdemaria.org.br\/index.php?rest_route=\/wp\/v2\/pages\/56\/revisions\/1706"}],"wp:featuredmedia":[{"embeddable":true,"href":"https:\/\/institutoluzdemaria.org.br\/index.php?rest_route=\/wp\/v2\/media\/74"}],"wp:attachment":[{"href":"https:\/\/institutoluzdemaria.org.br\/index.php?rest_route=%2Fwp%2Fv2%2Fmedia&parent=56"}],"curies":[{"name":"wp","href":"https:\/\/api.w.org\/{rel}","templated":true}]}}